{"id":33,"date":"2026-02-23T01:56:35","date_gmt":"2026-02-23T01:56:35","guid":{"rendered":"https:\/\/globalcycletrading.ca\/a-propos\/"},"modified":"2026-02-23T02:05:27","modified_gmt":"2026-02-23T02:05:27","slug":"a-propos","status":"publish","type":"page","link":"https:\/\/globalcycletrading.ca\/en\/a-propos\/","title":{"rendered":"\u00c0 propos"},"content":{"rendered":"<div class=\"wp-block-group alignfull is-style-ext-preset--group--natural-1--section has-background-background-color has-background has-global-padding is-layout-constrained wp-container-core-group-is-layout-6714b1d7 wp-block-group-is-layout-constrained\" id=\"a-propos\" style=\"margin-top:0;margin-bottom:0;padding-top:var(--wp--preset--spacing--70);padding-bottom:var(--wp--preset--spacing--70)\">\n<div class=\"wp-block-group alignwide is-vertical is-content-justification-center is-layout-flex wp-container-core-group-is-layout-c9ee0c5a wp-block-group-is-layout-flex\">\n<div class=\"wp-block-group has-global-padding is-layout-constrained wp-container-core-group-is-layout-2287c683 wp-block-group-is-layout-constrained\">\n<h2 class=\"wp-block-heading has-text-align-center\">N\u00e9gociation internationale de mati\u00e8res recyclables<\/h2>\n\n\n\n<p class=\"has-text-align-center\">D\u00e9couvrez la mission de GlobalCycle Trading Inc. : faciliter le commerce mondial de mati\u00e8res recyclables avec transparence, fiabilit\u00e9 et engagement envers l&rsquo;environnement. Notre vision est de cr\u00e9er un r\u00e9seau durable qui connecte fournisseurs, recycleurs et industriels pour un avenir circulaire.<\/p>\n<\/div>\n<\/div>\n\n\n\n<div class=\"wp-block-columns alignwide is-layout-flex wp-container-core-columns-is-layout-28f84493 wp-block-columns-is-layout-flex\">\n<div class=\"wp-block-column is-layout-flow wp-block-column-is-layout-flow\">\n<figure class=\"wp-block-image is-style-ext-preset-image-natural-1-image-1--content-bottom is-style-ext-preset--image--natural-1--image-1--content-bottom is-style-ext-preset--image--natural-1--image-1--content-bottom--2\"><img loading=\"lazy\" decoding=\"async\" width=\"1440\" height=\"960\" src=\"https:\/\/globalcycletrading.ca\/wp-content\/uploads\/2026\/02\/df759b4f952be09437d6015fab9a060f3030e06b.jpg\" alt=\"\" class=\"wp-image-47\" style=\"aspect-ratio:3\/4;object-fit:cover\" srcset=\"https:\/\/globalcycletrading.ca\/wp-content\/uploads\/2026\/02\/df759b4f952be09437d6015fab9a060f3030e06b.jpg 1440w, https:\/\/globalcycletrading.ca\/wp-content\/uploads\/2026\/02\/df759b4f952be09437d6015fab9a060f3030e06b-300x200.jpg 300w, https:\/\/globalcycletrading.ca\/wp-content\/uploads\/2026\/02\/df759b4f952be09437d6015fab9a060f3030e06b-1024x683.jpg 1024w, https:\/\/globalcycletrading.ca\/wp-content\/uploads\/2026\/02\/df759b4f952be09437d6015fab9a060f3030e06b-768x512.jpg 768w, https:\/\/globalcycletrading.ca\/wp-content\/uploads\/2026\/02\/df759b4f952be09437d6015fab9a060f3030e06b-18x12.jpg 18w\" sizes=\"auto, (max-width: 1440px) 100vw, 1440px\" \/><\/figure>\n<\/div>\n\n\n\n<div class=\"wp-block-column is-layout-flow wp-block-column-is-layout-flow\">\n<figure class=\"wp-block-image is-style-ext-preset-image-natural-1-image-1--content-bottom is-style-ext-preset--image--natural-1--image-1--content-bottom is-style-ext-preset--image--natural-1--image-1--content-bottom--3\"><img loading=\"lazy\" decoding=\"async\" width=\"1440\" height=\"960\" src=\"https:\/\/globalcycletrading.ca\/wp-content\/uploads\/2026\/02\/d38ea071d5d8f8d689a4279f2a69e23095946523.jpg\" alt=\"\" class=\"wp-image-48\" style=\"aspect-ratio:3\/4;object-fit:cover\" srcset=\"https:\/\/globalcycletrading.ca\/wp-content\/uploads\/2026\/02\/d38ea071d5d8f8d689a4279f2a69e23095946523.jpg 1440w, https:\/\/globalcycletrading.ca\/wp-content\/uploads\/2026\/02\/d38ea071d5d8f8d689a4279f2a69e23095946523-300x200.jpg 300w, https:\/\/globalcycletrading.ca\/wp-content\/uploads\/2026\/02\/d38ea071d5d8f8d689a4279f2a69e23095946523-1024x683.jpg 1024w, https:\/\/globalcycletrading.ca\/wp-content\/uploads\/2026\/02\/d38ea071d5d8f8d689a4279f2a69e23095946523-768x512.jpg 768w, https:\/\/globalcycletrading.ca\/wp-content\/uploads\/2026\/02\/d38ea071d5d8f8d689a4279f2a69e23095946523-18x12.jpg 18w\" sizes=\"auto, (max-width: 1440px) 100vw, 1440px\" \/><\/figure>\n<\/div>\n\n\n\n<div class=\"wp-block-column is-layout-flow wp-block-column-is-layout-flow\">\n<figure class=\"wp-block-image is-style-ext-preset-image-natural-1-image-1--content-bottom is-style-ext-preset--image--natural-1--image-1--content-bottom is-style-ext-preset--image--natural-1--image-1--content-bottom--4\"><img loading=\"lazy\" decoding=\"async\" width=\"1440\" height=\"960\" src=\"https:\/\/globalcycletrading.ca\/wp-content\/uploads\/2026\/02\/8aa95ec6744d69142a4ab730cc7e7218978e3cce.jpg\" alt=\"\" class=\"wp-image-49\" style=\"aspect-ratio:3\/4;object-fit:cover\" srcset=\"https:\/\/globalcycletrading.ca\/wp-content\/uploads\/2026\/02\/8aa95ec6744d69142a4ab730cc7e7218978e3cce.jpg 1440w, https:\/\/globalcycletrading.ca\/wp-content\/uploads\/2026\/02\/8aa95ec6744d69142a4ab730cc7e7218978e3cce-300x200.jpg 300w, https:\/\/globalcycletrading.ca\/wp-content\/uploads\/2026\/02\/8aa95ec6744d69142a4ab730cc7e7218978e3cce-1024x683.jpg 1024w, https:\/\/globalcycletrading.ca\/wp-content\/uploads\/2026\/02\/8aa95ec6744d69142a4ab730cc7e7218978e3cce-768x512.jpg 768w, https:\/\/globalcycletrading.ca\/wp-content\/uploads\/2026\/02\/8aa95ec6744d69142a4ab730cc7e7218978e3cce-18x12.jpg 18w\" sizes=\"auto, (max-width: 1440px) 100vw, 1440px\" \/><\/figure>\n<\/div>\n<\/div>\n<\/div>\n\n\n\n<div class=\"wp-block-group alignfull is-style-ext-preset--group--natural-1--section has-tertiary-background-color has-background has-global-padding is-layout-constrained wp-container-core-group-is-layout-e955bbaf wp-block-group-is-layout-constrained\" style=\"margin-top:0;margin-bottom:0;padding-top:var(--wp--preset--spacing--70);padding-bottom:var(--wp--preset--spacing--70)\">\n<div class=\"wp-block-group alignwide is-vertical is-layout-flex wp-container-core-group-is-layout-c35747d5 wp-block-group-is-layout-flex\">\n<div class=\"wp-block-group has-global-padding is-layout-constrained wp-container-core-group-is-layout-5e05634a wp-block-group-is-layout-constrained\">\n<h2 class=\"wp-block-heading\">Logistique fiable et performante<\/h2>\n\n\n\n<p class=\"has-text-align-left\">D\u00e9couvrez nos chiffres cl\u00e9s qui illustrent notre impact global et notre expertise dans le commerce des mati\u00e8res recyclables.<\/p>\n<\/div>\n<\/div>\n\n\n\n<div class=\"wp-block-columns alignwide is-layout-flex wp-container-core-columns-is-layout-174606dc wp-block-columns-is-layout-flex\">\n<div class=\"wp-block-column is-vertically-aligned-center is-layout-flow wp-block-column-is-layout-flow\">\n<div class=\"wp-block-columns is-layout-flex wp-container-core-columns-is-layout-28f84493 wp-block-columns-is-layout-flex\">\n<div class=\"wp-block-column is-vertically-aligned-stretch is-layout-flow wp-block-column-is-layout-flow\">\n<div class=\"wp-block-group is-style-ext-preset--group--natural-1--item-card-1--align-start has-global-padding is-layout-constrained wp-block-group-is-layout-constrained is-style-ext-preset--group--natural-1--item-card-1--align-start--6\">\n<div class=\"wp-block-group is-style-default has-global-padding is-layout-constrained wp-block-group-is-layout-constrained\">\n<h3 class=\"wp-block-heading has-primary-color has-text-color has-link-color has-x-large-font-size wp-elements-66deaa7cca9f7f5ed87d65de6b88e430\">150<\/h3>\n\n\n\n<h3 class=\"wp-block-heading\">Fournisseurs partenaires<\/h3>\n\n\n\n<p>Nombre de fournisseurs actifs connect\u00e9s \u00e0 notre r\u00e9seau international facilitant le commerce durable.<\/p>\n<\/div>\n<\/div>\n<\/div>\n\n\n\n<div class=\"wp-block-column is-vertically-aligned-stretch is-layout-flow wp-block-column-is-layout-flow\">\n<div class=\"wp-block-group is-style-ext-preset--group--natural-1--item-card-1--align-start has-global-padding is-layout-constrained wp-block-group-is-layout-constrained is-style-ext-preset--group--natural-1--item-card-1--align-start--7\">\n<div class=\"wp-block-group is-style-default has-global-padding is-layout-constrained wp-block-group-is-layout-constrained\">\n<h3 class=\"wp-block-heading has-primary-color has-text-color has-link-color has-x-large-font-size wp-elements-f79b2709fd4c24bd9b235ae4e072567b\">5000000<\/h3>\n\n\n\n<h3 class=\"wp-block-heading\">Tonnes \u00e9chang\u00e9es annuellement<\/h3>\n\n\n\n<p>Quantit\u00e9 totale de mati\u00e8res recyclables achet\u00e9es et vendues chaque ann\u00e9e avec rigueur et transparence.<\/p>\n<\/div>\n<\/div>\n<\/div>\n<\/div>\n\n\n\n<div class=\"wp-block-columns is-layout-flex wp-container-core-columns-is-layout-28f84493 wp-block-columns-is-layout-flex\">\n<div class=\"wp-block-column is-vertically-aligned-stretch is-layout-flow wp-block-column-is-layout-flow\">\n<div class=\"wp-block-group is-style-ext-preset--group--natural-1--item-card-1--align-start has-global-padding is-layout-constrained wp-block-group-is-layout-constrained is-style-ext-preset--group--natural-1--item-card-1--align-start--8\">\n<div class=\"wp-block-group is-style-default has-global-padding is-layout-constrained wp-block-group-is-layout-constrained\">\n<h3 class=\"wp-block-heading has-primary-color has-text-color has-link-color has-x-large-font-size wp-elements-c8ebec9da1988dbebf3e821c7a07f790\">75<\/h3>\n\n\n\n<h3 class=\"wp-block-heading\">Pays desservis<\/h3>\n\n\n\n<p>\u00c9tendue internationale de nos op\u00e9rations, reliant clients et fournisseurs \u00e0 travers le monde.<\/p>\n<\/div>\n<\/div>\n<\/div>\n\n\n\n<div class=\"wp-block-column is-vertically-aligned-stretch is-layout-flow wp-block-column-is-layout-flow\">\n<div class=\"wp-block-group is-style-ext-preset--group--natural-1--item-card-1--align-start has-global-padding is-layout-constrained wp-block-group-is-layout-constrained is-style-ext-preset--group--natural-1--item-card-1--align-start--9\">\n<div class=\"wp-block-group is-style-default has-global-padding is-layout-constrained wp-block-group-is-layout-constrained\">\n<h3 class=\"wp-block-heading has-primary-color has-text-color has-link-color has-x-large-font-size wp-elements-7e739fd8e4a703acb13bb076da3c8b87\">95<\/h3>\n\n\n\n<h3 class=\"wp-block-heading\">Taux de satisfaction<\/h3>\n\n\n\n<p>Pourcentage de clients satisfaits soulignant la qualit\u00e9 et la fiabilit\u00e9 de nos services.<\/p>\n<\/div>\n<\/div>\n<\/div>\n<\/div>\n<\/div>\n\n\n\n<div class=\"wp-block-column is-vertically-aligned-stretch is-layout-flow wp-container-core-column-is-layout-119bc444 wp-block-column-is-layout-flow\">\n<div class=\"wp-block-cover is-style-ext-preset--image--natural-1--image-1--content-bottom is-style-ext-preset--image--natural-1--image-1--content-bottom--10\" style=\"padding-top:0;padding-bottom:0;min-height:100%;aspect-ratio:unset;\"><img loading=\"lazy\" decoding=\"async\" width=\"1080\" height=\"1440\" class=\"wp-block-cover__image-background wp-image-50\" alt=\"\" src=\"https:\/\/globalcycletrading.ca\/wp-content\/uploads\/2026\/02\/853a804763a8f7d9efb63c5d6779901777dc363a.jpg\" data-object-fit=\"cover\" srcset=\"https:\/\/globalcycletrading.ca\/wp-content\/uploads\/2026\/02\/853a804763a8f7d9efb63c5d6779901777dc363a.jpg 1080w, https:\/\/globalcycletrading.ca\/wp-content\/uploads\/2026\/02\/853a804763a8f7d9efb63c5d6779901777dc363a-225x300.jpg 225w, https:\/\/globalcycletrading.ca\/wp-content\/uploads\/2026\/02\/853a804763a8f7d9efb63c5d6779901777dc363a-768x1024.jpg 768w, https:\/\/globalcycletrading.ca\/wp-content\/uploads\/2026\/02\/853a804763a8f7d9efb63c5d6779901777dc363a-9x12.jpg 9w\" sizes=\"auto, (max-width: 1080px) 100vw, 1080px\" \/><span aria-hidden=\"true\" class=\"wp-block-cover__background has-background-dim-0 has-background-dim\"><\/span><div class=\"wp-block-cover__inner-container is-layout-flow wp-block-cover-is-layout-flow\">\n<div style=\"height:240px\" aria-hidden=\"true\" class=\"wp-block-spacer\"><\/div>\n<\/div><\/div>\n<\/div>\n<\/div>\n<\/div>\n\n\n\n<div class=\"wp-block-group alignfull is-style-ext-preset--group--natural-1--section has-background-background-color has-background has-global-padding is-layout-constrained wp-container-core-group-is-layout-e955bbaf wp-block-group-is-layout-constrained\" style=\"margin-top:0;margin-bottom:0;padding-top:var(--wp--preset--spacing--70);padding-bottom:var(--wp--preset--spacing--70)\">\n<div class=\"wp-block-group alignwide is-vertical is-content-justification-center is-layout-flex wp-container-core-group-is-layout-c9ee0c5a wp-block-group-is-layout-flex\">\n<div class=\"wp-block-group has-global-padding is-layout-constrained wp-container-core-group-is-layout-5e05634a wp-block-group-is-layout-constrained\">\n<h2 class=\"wp-block-heading has-text-align-center\">Un partenariat fond\u00e9 sur la transparence et l&rsquo;int\u00e9grit\u00e9<\/h2>\n\n\n\n<p class=\"has-text-align-center\">D\u00e9couvrez nos certifications internationales, protocoles de s\u00e9curit\u00e9 rigoureux et distinctions majeures qui garantissent notre engagement envers la qualit\u00e9 et la confiance.<\/p>\n<\/div>\n<\/div>\n\n\n\n<div class=\"wp-block-columns alignwide is-layout-flex wp-container-core-columns-is-layout-08c01c1c wp-block-columns-is-layout-flex\">\n<div class=\"wp-block-column is-vertically-aligned-stretch is-layout-flow wp-container-core-column-is-layout-f5bb311e wp-block-column-is-layout-flow\">\n<div class=\"wp-block-group is-style-ext-preset--group--natural-1--item-card-1--align-center has-global-padding is-layout-constrained wp-block-group-is-layout-constrained is-style-ext-preset--group--natural-1--item-card-1--align-center--12\">\n<div class=\"wp-block-group is-style-default has-global-padding is-layout-constrained wp-block-group-is-layout-constrained\">\n<figure class=\"wp-block-image aligncenter size-large ext-aspect-landscape wp-duotone-primary-foreground\"><img decoding=\"async\" src=\"data:image\/svg+xml;base64,PHN2ZyB4bWxucz0iaHR0cDovL3d3dy53My5vcmcvMjAwMC9zdmciIHdpZHRoPSI0OCIgaGVpZ2h0PSI0OCIgZmlsbD0iIzAwMDAwMCIgdmlld0JveD0iMCAwIDI1NiAyNTYiPjxwYXRoIGQ9Ik0xNzIsNzZhNDQsNDQsMCwxLDAtNDQsNDRBNDQuMDUsNDQuMDUsMCwwLDAsMTcyLDc2Wm0tNDQsMjhhMjgsMjgsMCwxLDEsMjgtMjhBMjgsMjgsMCwwLDEsMTI4LDEwNFptNjAsMjRhNDQsNDQsMCwxLDAsNDQsNDRBNDQuMDUsNDQuMDUsMCwwLDAsMTg4LDEyOFptMCw3MmEyOCwyOCwwLDEsMSwyOC0yOEEyOCwyOCwwLDAsMSwxODgsMjAwWk02OCwxMjhhNDQsNDQsMCwxLDAsNDQsNDRBNDQuMDUsNDQuMDUsMCwwLDAsNjgsMTI4Wm0wLDcyYTI4LDI4LDAsMSwxLDI4LTI4QTI4LDI4LDAsMCwxLDY4LDIwMFoiPjwvcGF0aD48L3N2Zz4=\" alt=\"\" style=\"object-fit:cover\"\/><\/figure>\n\n\n\n<h3 class=\"wp-block-heading has-text-align-center\">Certification ISO 9001 : Excellence en gestion qualit\u00e9<\/h3>\n\n\n\n<p class=\"has-text-align-center\">Cette certification atteste de notre rigueur dans le contr\u00f4le qualit\u00e9 et notre engagement \u00e0 fournir des services fiables et constants.<\/p>\n<\/div>\n<\/div>\n<\/div>\n\n\n\n<div class=\"wp-block-column is-vertically-aligned-stretch is-layout-flow wp-container-core-column-is-layout-f5bb311e wp-block-column-is-layout-flow\">\n<div class=\"wp-block-group is-style-ext-preset--group--natural-1--item-card-1--align-center has-global-padding is-layout-constrained wp-block-group-is-layout-constrained is-style-ext-preset--group--natural-1--item-card-1--align-center--13\">\n<div class=\"wp-block-group is-style-default has-global-padding is-layout-constrained wp-block-group-is-layout-constrained\">\n<figure class=\"wp-block-image aligncenter size-large ext-aspect-landscape wp-duotone-primary-foreground\"><img decoding=\"async\" src=\"data:image\/svg+xml;base64,PHN2ZyB4bWxucz0iaHR0cDovL3d3dy53My5vcmcvMjAwMC9zdmciIHdpZHRoPSI0OCIgaGVpZ2h0PSI0OCIgZmlsbD0iIzAwMDAwMCIgdmlld0JveD0iMCAwIDI1NiAyNTYiPjxwYXRoIGQ9Ik04MCw0MGE0MCw0MCwwLDEsMCw0MCw0MEE0MCw0MCwwLDAsMCw4MCw0MFptMCw2NGEyNCwyNCwwLDEsMSwyNC0yNEEyNCwyNCwwLDAsMSw4MCwxMDRabTk2LDE2YTQwLDQwLDAsMSwwLTQwLTQwQTQwLDQwLDAsMCwwLDE3NiwxMjBabTAtNjRhMjQsMjQsMCwxLDEtMjQsMjRBMjQsMjQsMCwwLDEsMTc2LDU2Wk04MCwxMzZhNDAsNDAsMCwxLDAsNDAsNDBBNDAsNDAsMCwwLDAsODAsMTM2Wm0wLDY0YTI0LDI0LDAsMSwxLDI0LTI0QTI0LDI0LDAsMCwxLDgwLDIwMFptOTYtNjRhNDAsNDAsMCwxLDAsNDAsNDBBNDAsNDAsMCwwLDAsMTc2LDEzNlptMCw2NGEyNCwyNCwwLDEsMSwyNC0yNEEyNCwyNCwwLDAsMSwxNzYsMjAwWiI+PC9wYXRoPjwvc3ZnPg==\" alt=\"\" style=\"object-fit:cover\"\/><\/figure>\n\n\n\n<h3 class=\"wp-block-heading has-text-align-center\">Engagement envers le respect environnemental<\/h3>\n\n\n\n<p class=\"has-text-align-center\">Notre conformit\u00e9 aux normes \u00e9cologiques internationales souligne notre responsabilit\u00e9 dans la gestion durable des mati\u00e8res recyclables.<\/p>\n<\/div>\n<\/div>\n<\/div>\n\n\n\n<div class=\"wp-block-column is-vertically-aligned-stretch is-layout-flow wp-container-core-column-is-layout-f5bb311e wp-block-column-is-layout-flow\">\n<div class=\"wp-block-group is-style-ext-preset--group--natural-1--item-card-1--align-center has-global-padding is-layout-constrained wp-block-group-is-layout-constrained is-style-ext-preset--group--natural-1--item-card-1--align-center--14\">\n<div class=\"wp-block-group is-style-default has-global-padding is-layout-constrained wp-block-group-is-layout-constrained\">\n<figure class=\"wp-block-image aligncenter size-large ext-aspect-landscape wp-duotone-primary-foreground\"><img decoding=\"async\" src=\"data:image\/svg+xml;base64,PHN2ZyB4bWxucz0iaHR0cDovL3d3dy53My5vcmcvMjAwMC9zdmciIHdpZHRoPSI0OCIgaGVpZ2h0PSI0OCIgZmlsbD0iIzAwMDAwMCIgdmlld0JveD0iMCAwIDI1NiAyNTYiPjxwYXRoIGQ9Ik04MCw0MGE0MCw0MCwwLDEsMCw0MCw0MEE0MCw0MCwwLDAsMCw4MCw0MFptMCw2NGEyNCwyNCwwLDEsMSwyNC0yNEEyNCwyNCwwLDAsMSw4MCwxMDRabTk2LDE2YTQwLDQwLDAsMSwwLTQwLTQwQTQwLDQwLDAsMCwwLDE3NiwxMjBabTAtNjRhMjQsMjQsMCwxLDEtMjQsMjRBMjQsMjQsMCwwLDEsMTc2LDU2Wk04MCwxMzZhNDAsNDAsMCwxLDAsNDAsNDBBNDAsNDAsMCwwLDAsODAsMTM2Wm0wLDY0YTI0LDI0LDAsMSwxLDI0LTI0QTI0LDI0LDAsMCwxLDgwLDIwMFptMTM2LTI0YTgsOCwwLDAsMS04LDhIMTg0djI0YTgsOCwwLDAsMS0xNiwwVjE4NEgxNDRhOCw4LDAsMCwxLDAtMTZoMjRWMTQ0YTgsOCwwLDAsMSwxNiwwdjI0aDI0QTgsOCwwLDAsMSwyMTYsMTc2WiI+PC9wYXRoPjwvc3ZnPg==\" alt=\"\" style=\"object-fit:cover\"\/><\/figure>\n\n\n\n<h3 class=\"wp-block-heading has-text-align-center\">Partenaire officiel reconnu par le Global Recycling Council<\/h3>\n\n\n\n<p class=\"has-text-align-center\">Cette reconnaissance souligne notre r\u00f4le cl\u00e9 dans la promotion du commerce \u00e9quitable et durable des mati\u00e8res recyclables \u00e0 l&rsquo;\u00e9chelle mondiale.<\/p>\n<\/div>\n<\/div>\n<\/div>\n<\/div>\n<\/div>","protected":false},"excerpt":{"rendered":"<p>N\u00e9gociation internationale de mati\u00e8res recyclables D\u00e9couvrez la mission de GlobalCycle Trading Inc. : faciliter le commerce mondial de mati\u00e8res recyclables avec transparence, fiabilit\u00e9 et engagement envers l&rsquo;environnement. Notre vision est de cr\u00e9er un r\u00e9seau durable qui connecte fournisseurs, recycleurs et industriels pour un avenir circulaire. Logistique fiable et performante D\u00e9couvrez nos chiffres cl\u00e9s qui illustrent [&hellip;]<\/p>\n","protected":false},"author":1,"featured_media":0,"parent":0,"menu_order":0,"comment_status":"closed","ping_status":"closed","template":"page-with-title","meta":{"footnotes":""},"class_list":["post-33","page","type-page","status-publish","hentry"],"aioseo_notices":[],"_links":{"self":[{"href":"https:\/\/globalcycletrading.ca\/en\/wp-json\/wp\/v2\/pages\/33","targetHints":{"allow":["GET"]}}],"collection":[{"href":"https:\/\/globalcycletrading.ca\/en\/wp-json\/wp\/v2\/pages"}],"about":[{"href":"https:\/\/globalcycletrading.ca\/en\/wp-json\/wp\/v2\/types\/page"}],"author":[{"embeddable":true,"href":"https:\/\/globalcycletrading.ca\/en\/wp-json\/wp\/v2\/users\/1"}],"replies":[{"embeddable":true,"href":"https:\/\/globalcycletrading.ca\/en\/wp-json\/wp\/v2\/comments?post=33"}],"version-history":[{"count":2,"href":"https:\/\/globalcycletrading.ca\/en\/wp-json\/wp\/v2\/pages\/33\/revisions"}],"predecessor-version":[{"id":59,"href":"https:\/\/globalcycletrading.ca\/en\/wp-json\/wp\/v2\/pages\/33\/revisions\/59"}],"wp:attachment":[{"href":"https:\/\/globalcycletrading.ca\/en\/wp-json\/wp\/v2\/media?parent=33"}],"curies":[{"name":"wp","href":"https:\/\/api.w.org\/{rel}","templated":true}]}}