{"id":39,"date":"2026-02-23T01:56:51","date_gmt":"2026-02-23T01:56:51","guid":{"rendered":"https:\/\/globalcycletrading.ca\/mentions-legales\/"},"modified":"2026-02-23T02:56:36","modified_gmt":"2026-02-23T02:56:36","slug":"mentions-legales","status":"publish","type":"page","link":"https:\/\/globalcycletrading.ca\/en\/mentions-legales\/","title":{"rendered":"Mentions L\u00e9gales"},"content":{"rendered":"<div class=\"wp-block-group alignfull is-style-ext-preset--group--natural-1--section has-background-background-color has-background has-global-padding is-layout-constrained wp-container-core-group-is-layout-6150fac0 wp-block-group-is-layout-constrained\" style=\"margin-top:0;margin-bottom:0;padding-top:var(--wp--preset--spacing--70);padding-bottom:var(--wp--preset--spacing--70)\">\n<p><br><br> <strong>\u00c9diteur du site:<\/strong><br> GLOBALCYCLE TRADING INC.<br> CANADA<br><br> <strong>Coordonn\u00e9es:<\/strong><br> E-mail: info@globalcycletrading.ca<br> Site web: www.globalcycletrading.ca<br><br> <strong>Derni\u00e8re mise \u00e0 jour:<\/strong><br> ((22\/02\/2026))<\/p>\n<\/div>","protected":false},"excerpt":{"rendered":"<p>\u00c9diteur du site: GLOBALCYCLE TRADING INC. CANADA Coordonn\u00e9es: E-mail: info@globalcycletrading.ca Site web: www.globalcycletrading.ca Derni\u00e8re mise \u00e0 jour: ((22\/02\/2026))<\/p>","protected":false},"author":1,"featured_media":0,"parent":0,"menu_order":0,"comment_status":"closed","ping_status":"closed","template":"page-with-title","meta":{"footnotes":""},"class_list":["post-39","page","type-page","status-publish","hentry"],"aioseo_notices":[],"_links":{"self":[{"href":"https:\/\/globalcycletrading.ca\/en\/wp-json\/wp\/v2\/pages\/39","targetHints":{"allow":["GET"]}}],"collection":[{"href":"https:\/\/globalcycletrading.ca\/en\/wp-json\/wp\/v2\/pages"}],"about":[{"href":"https:\/\/globalcycletrading.ca\/en\/wp-json\/wp\/v2\/types\/page"}],"author":[{"embeddable":true,"href":"https:\/\/globalcycletrading.ca\/en\/wp-json\/wp\/v2\/users\/1"}],"replies":[{"embeddable":true,"href":"https:\/\/globalcycletrading.ca\/en\/wp-json\/wp\/v2\/comments?post=39"}],"version-history":[{"count":2,"href":"https:\/\/globalcycletrading.ca\/en\/wp-json\/wp\/v2\/pages\/39\/revisions"}],"predecessor-version":[{"id":83,"href":"https:\/\/globalcycletrading.ca\/en\/wp-json\/wp\/v2\/pages\/39\/revisions\/83"}],"wp:attachment":[{"href":"https:\/\/globalcycletrading.ca\/en\/wp-json\/wp\/v2\/media?parent=39"}],"curies":[{"name":"wp","href":"https:\/\/api.w.org\/{rel}","templated":true}]}}